{"id":34521,"date":"2025-03-17T14:11:18","date_gmt":"2025-03-17T14:11:18","guid":{"rendered":"https:\/\/www.elle-s-design.com\/creation\/lamp-bamileke-beaded-head\/"},"modified":"2025-04-29T13:30:43","modified_gmt":"2025-04-29T13:30:43","slug":"lamp-bamileke-beaded-head","status":"publish","type":"product","link":"https:\/\/www.elle-s-design.com\/en\/creation\/lamp-bamileke-beaded-head\/","title":{"rendered":"Lamp Bamil\u00e9k\u00e9 beaded head"},"content":{"rendered":"<p><strong>Bamil\u00e9k\u00e9 beaded head in terracotta and beads, art from northwest Cameroon.<\/strong><\/p>\n<h3>Abat jour : African savannah<\/h3>\n<ul>\n<li class=\"p1\">Color: monochrome in black and white<\/li>\n<li class=\"p1\">Material: cotton<\/li>\n<li class=\"p1\">Style: colonial<\/li>\n<li class=\"p1\">Golden polyphane interior<\/li>\n<\/ul>\n<p class=\"p1\">a savannah landscape<span class=\"Apple-converted-space\">  <\/span>with plants and animals such as giraffes and zebras creates a unique atmosphere<\/p>\n<h3>Foot in : Terracotta and pearls<\/h3>\n","protected":false},"excerpt":{"rendered":"<p>Table lamp. Feet <strong>Bamil\u00e9k\u00e9 beaded head<\/strong> in terracotta and beads, art of northwest Cameroon with its <strong>African savannah<\/strong> lampshade. <\/p>\n<p>Give your interiors a unique touch.<\/p>\n","protected":false},"featured_media":34332,"template":"","meta":{"_et_pb_use_builder":"","_et_pb_old_content":"","_et_gb_content_width":"","inline_featured_image":false},"product_brand":[46],"product_cat":[183,144,145],"product_tag":[186,184,185],"class_list":{"0":"post-34521","1":"product","2":"type-product","3":"status-publish","4":"has-post-thumbnail","6":"product_brand-elles-design","7":"product_cat-beaded-head","8":"product_cat-lamp","9":"product_cat-morocco","10":"product_tag-bamileke-en","11":"product_tag-beaded-head","12":"product_tag-cameroon","14":"first","15":"instock","16":"featured","17":"taxable","18":"shipping-taxable","19":"purchasable","20":"product-type-variable"},"_links":{"self":[{"href":"https:\/\/www.elle-s-design.com\/en\/wp-json\/wp\/v2\/product\/34521","targetHints":{"allow":["GET"]}}],"collection":[{"href":"https:\/\/www.elle-s-design.com\/en\/wp-json\/wp\/v2\/product"}],"about":[{"href":"https:\/\/www.elle-s-design.com\/en\/wp-json\/wp\/v2\/types\/product"}],"wp:featuredmedia":[{"embeddable":true,"href":"https:\/\/www.elle-s-design.com\/en\/wp-json\/wp\/v2\/media\/34332"}],"wp:attachment":[{"href":"https:\/\/www.elle-s-design.com\/en\/wp-json\/wp\/v2\/media?parent=34521"}],"wp:term":[{"taxonomy":"product_brand","embeddable":true,"href":"https:\/\/www.elle-s-design.com\/en\/wp-json\/wp\/v2\/product_brand?post=34521"},{"taxonomy":"product_cat","embeddable":true,"href":"https:\/\/www.elle-s-design.com\/en\/wp-json\/wp\/v2\/product_cat?post=34521"},{"taxonomy":"product_tag","embeddable":true,"href":"https:\/\/www.elle-s-design.com\/en\/wp-json\/wp\/v2\/product_tag?post=34521"}],"curies":[{"name":"wp","href":"https:\/\/api.w.org\/{rel}","templated":true}]}}